{"id":1482,"date":"2023-09-28T23:51:10","date_gmt":"2023-09-28T23:51:10","guid":{"rendered":"https:\/\/metaco.senlist.com\/?page_id=1482"},"modified":"2023-09-30T17:14:39","modified_gmt":"2023-09-30T17:14:39","slug":"services","status":"publish","type":"page","link":"https:\/\/metaco.senlist.com\/fr\/services\/","title":{"rendered":"prestations de service"},"content":{"rendered":"<div data-elementor-type=\"wp-page\" data-elementor-id=\"1482\" class=\"elementor elementor-1482\">\n\t\t\t\t<div class=\"elementor-element elementor-element-49906ba e-con-full e-flex e-con e-parent\" data-id=\"49906ba\" data-element_type=\"container\" data-settings=\"{&quot;background_background&quot;:&quot;classic&quot;,&quot;shape_divider_top&quot;:&quot;tilt&quot;}\">\n\t\t\t\t<div class=\"elementor-shape elementor-shape-top\" aria-hidden=\"true\" data-negative=\"false\">\n\t\t\t<svg xmlns=\"http:\/\/www.w3.org\/2000\/svg\" viewbox=\"0 0 1000 100\" preserveaspectratio=\"none\">\n\t<path class=\"elementor-shape-fill\" d=\"M0,6V0h1000v100L0,6z\"\/>\n<\/svg>\t\t<\/div>\n\t\t\t\t<div class=\"elementor-element elementor-element-f05be81 elementor-widget elementor-widget-image\" data-id=\"f05be81\" data-element_type=\"widget\" data-widget_type=\"image.default\">\n\t\t\t\t<div class=\"elementor-widget-container\">\n\t\t\t\t\t\t\t\t\t\t\t\t\t\t\t<img fetchpriority=\"high\" decoding=\"async\" width=\"300\" height=\"172\" src=\"https:\/\/metaco.senlist.com\/wp-content\/uploads\/2023\/09\/logo_inovativ-for-white-background-1-350x201-1-300x172.png\" class=\"attachment-medium size-medium wp-image-1511\" alt=\"\" srcset=\"https:\/\/metaco.senlist.com\/wp-content\/uploads\/2023\/09\/logo_inovativ-for-white-background-1-350x201-1-300x172.png 300w, https:\/\/metaco.senlist.com\/wp-content\/uploads\/2023\/09\/logo_inovativ-for-white-background-1-350x201-1.png 350w\" sizes=\"(max-width: 300px) 100vw, 300px\" \/>\t\t\t\t\t\t\t\t\t\t\t\t\t\t\t<\/div>\n\t\t\t\t<\/div>\n\t\t\t\t<\/div>\n\t\t<div class=\"elementor-element elementor-element-67e52b8 e-con-full e-flex e-con e-parent\" data-id=\"67e52b8\" data-element_type=\"container\" data-settings=\"{&quot;background_background&quot;:&quot;classic&quot;}\">\n\t\t\t\t<div class=\"elementor-element elementor-element-00b63d5 elementor-widget elementor-widget-heading\" data-id=\"00b63d5\" data-element_type=\"widget\" data-widget_type=\"heading.default\">\n\t\t\t\t<div class=\"elementor-widget-container\">\n\t\t\t\t\t<h2 class=\"elementor-heading-title elementor-size-default\">PRESTATIONS DE SERVICE<\/h2>\t\t\t\t<\/div>\n\t\t\t\t<\/div>\n\t\t\t\t<\/div>\n\t\t<div class=\"elementor-element elementor-element-6a42183 e-flex e-con-boxed e-con e-parent\" data-id=\"6a42183\" data-element_type=\"container\">\n\t\t\t\t\t<div class=\"e-con-inner\">\n\t\t<div class=\"elementor-element elementor-element-be7778b e-con-full e-flex e-con e-child\" data-id=\"be7778b\" data-element_type=\"container\">\n\t\t\t\t<div class=\"elementor-element elementor-element-f599339 elementor-view-stacked name elementor-shape-circle elementor-position-top elementor-mobile-position-top elementor-widget elementor-widget-icon-box\" data-id=\"f599339\" data-element_type=\"widget\" data-widget_type=\"icon-box.default\">\n\t\t\t\t<div class=\"elementor-widget-container\">\n\t\t\t\t\t\t\t<div class=\"elementor-icon-box-wrapper\">\n\n\t\t\t\t\t\t<div class=\"elementor-icon-box-icon\">\n\t\t\t\t<a href=\"https:\/\/metaco.senlist.com\/fr\/development-of-guidelines-for-reporting-entities-control-and-supervisory-authorities-in-aml-cft\/\" class=\"elementor-icon\" tabindex=\"-1\" aria-label=\"\u00c9laboration de lignes directrices pour les entit\u00e9s d\u00e9clarantes \/ Autorit\u00e9s de contr\u00f4le et de surveillance en mati\u00e8re de LBC\/FT\">\n\t\t\t\t<i aria-hidden=\"true\" class=\"fas fa-desktop\"><\/i>\t\t\t\t<\/a>\n\t\t\t<\/div>\n\t\t\t\n\t\t\t\t\t\t<div class=\"elementor-icon-box-content\">\n\n\t\t\t\t\t\t\t\t\t<h3 class=\"elementor-icon-box-title\">\n\t\t\t\t\t\t<a href=\"https:\/\/metaco.senlist.com\/fr\/development-of-guidelines-for-reporting-entities-control-and-supervisory-authorities-in-aml-cft\/\" >\n\t\t\t\t\t\t\t\u00c9laboration de lignes directrices pour les entit\u00e9s d\u00e9clarantes \/ Autorit\u00e9s de contr\u00f4le et de surveillance en mati\u00e8re de LBC\/FT\t\t\t\t\t\t<\/a>\n\t\t\t\t\t<\/h3>\n\t\t\t\t\n\t\t\t\t\n\t\t\t<\/div>\n\t\t\t\n\t\t<\/div>\n\t\t\t\t\t\t<\/div>\n\t\t\t\t<\/div>\n\t\t\t\t<\/div>\n\t\t<div class=\"elementor-element elementor-element-85feb6f e-con-full e-flex e-con e-child\" data-id=\"85feb6f\" data-element_type=\"container\">\n\t\t\t\t<div class=\"elementor-element elementor-element-b9163bc elementor-view-stacked name elementor-shape-circle elementor-position-top elementor-mobile-position-top elementor-widget elementor-widget-icon-box\" data-id=\"b9163bc\" data-element_type=\"widget\" data-widget_type=\"icon-box.default\">\n\t\t\t\t<div class=\"elementor-widget-container\">\n\t\t\t\t\t\t\t<div class=\"elementor-icon-box-wrapper\">\n\n\t\t\t\t\t\t<div class=\"elementor-icon-box-icon\">\n\t\t\t\t<a href=\"https:\/\/metaco.senlist.com\/fr\/it-governance-risk-compliance\/\" class=\"elementor-icon\" tabindex=\"-1\" aria-label=\"Gouvernance informatique, risque, conformit\u00e9\">\n\t\t\t\t<i aria-hidden=\"true\" class=\"fas fa-globe-africa\"><\/i>\t\t\t\t<\/a>\n\t\t\t<\/div>\n\t\t\t\n\t\t\t\t\t\t<div class=\"elementor-icon-box-content\">\n\n\t\t\t\t\t\t\t\t\t<h3 class=\"elementor-icon-box-title\">\n\t\t\t\t\t\t<a href=\"https:\/\/metaco.senlist.com\/fr\/it-governance-risk-compliance\/\" >\n\t\t\t\t\t\t\tGouvernance informatique, risque, conformit\u00e9\t\t\t\t\t\t<\/a>\n\t\t\t\t\t<\/h3>\n\t\t\t\t\n\t\t\t\t\n\t\t\t<\/div>\n\t\t\t\n\t\t<\/div>\n\t\t\t\t\t\t<\/div>\n\t\t\t\t<\/div>\n\t\t\t\t<\/div>\n\t\t<div class=\"elementor-element elementor-element-01bdcd9 e-con-full e-flex e-con e-child\" data-id=\"01bdcd9\" data-element_type=\"container\">\n\t\t\t\t<div class=\"elementor-element elementor-element-f702a51 elementor-view-stacked name elementor-shape-circle elementor-position-top elementor-mobile-position-top elementor-widget elementor-widget-icon-box\" data-id=\"f702a51\" data-element_type=\"widget\" data-widget_type=\"icon-box.default\">\n\t\t\t\t<div class=\"elementor-widget-container\">\n\t\t\t\t\t\t\t<div class=\"elementor-icon-box-wrapper\">\n\n\t\t\t\t\t\t<div class=\"elementor-icon-box-icon\">\n\t\t\t\t<a href=\"https:\/\/metaco.senlist.com\/fr\/translation-in-english-and-french-of-aml-cft-documents\/\" class=\"elementor-icon\" tabindex=\"-1\" aria-label=\"Traduction en anglais et en fran\u00e7ais des documents LBC\/FT\">\n\t\t\t\t<i aria-hidden=\"true\" class=\"far fa-file-word\"><\/i>\t\t\t\t<\/a>\n\t\t\t<\/div>\n\t\t\t\n\t\t\t\t\t\t<div class=\"elementor-icon-box-content\">\n\n\t\t\t\t\t\t\t\t\t<h3 class=\"elementor-icon-box-title\">\n\t\t\t\t\t\t<a href=\"https:\/\/metaco.senlist.com\/fr\/translation-in-english-and-french-of-aml-cft-documents\/\" >\n\t\t\t\t\t\t\tTraduction en anglais et en fran\u00e7ais des documents LBC\/FT\t\t\t\t\t\t<\/a>\n\t\t\t\t\t<\/h3>\n\t\t\t\t\n\t\t\t\t\n\t\t\t<\/div>\n\t\t\t\n\t\t<\/div>\n\t\t\t\t\t\t<\/div>\n\t\t\t\t<\/div>\n\t\t\t\t<\/div>\n\t\t<div class=\"elementor-element elementor-element-8c71b33 e-con-full e-flex e-con e-child\" data-id=\"8c71b33\" data-element_type=\"container\">\n\t\t\t\t<div class=\"elementor-element elementor-element-8b05726 elementor-view-stacked name elementor-shape-circle elementor-position-top elementor-mobile-position-top elementor-widget elementor-widget-icon-box\" data-id=\"8b05726\" data-element_type=\"widget\" data-widget_type=\"icon-box.default\">\n\t\t\t\t<div class=\"elementor-widget-container\">\n\t\t\t\t\t\t\t<div class=\"elementor-icon-box-wrapper\">\n\n\t\t\t\t\t\t<div class=\"elementor-icon-box-icon\">\n\t\t\t\t<a href=\"https:\/\/metaco.senlist.com\/fr\/fiu-cybersecurity-and-security-policies-and-procedures\/\" class=\"elementor-icon\" tabindex=\"-1\" aria-label=\"Politiques et proc\u00e9dures de cybers\u00e9curit\u00e9 et de s\u00e9curit\u00e9 de la CRF\">\n\t\t\t\t<i aria-hidden=\"true\" class=\"fas fa-lock\"><\/i>\t\t\t\t<\/a>\n\t\t\t<\/div>\n\t\t\t\n\t\t\t\t\t\t<div class=\"elementor-icon-box-content\">\n\n\t\t\t\t\t\t\t\t\t<h3 class=\"elementor-icon-box-title\">\n\t\t\t\t\t\t<a href=\"https:\/\/metaco.senlist.com\/fr\/fiu-cybersecurity-and-security-policies-and-procedures\/\" >\n\t\t\t\t\t\t\tPolitiques et proc\u00e9dures de cybers\u00e9curit\u00e9 et de s\u00e9curit\u00e9 de la CRF\t\t\t\t\t\t<\/a>\n\t\t\t\t\t<\/h3>\n\t\t\t\t\n\t\t\t\t\n\t\t\t<\/div>\n\t\t\t\n\t\t<\/div>\n\t\t\t\t\t\t<\/div>\n\t\t\t\t<\/div>\n\t\t\t\t<\/div>\n\t\t<div class=\"elementor-element elementor-element-8085cf8 e-con-full e-flex e-con e-child\" data-id=\"8085cf8\" data-element_type=\"container\">\n\t\t\t\t<div class=\"elementor-element elementor-element-c9b9b00 elementor-view-stacked name elementor-shape-circle elementor-position-top elementor-mobile-position-top elementor-widget elementor-widget-icon-box\" data-id=\"c9b9b00\" data-element_type=\"widget\" data-widget_type=\"icon-box.default\">\n\t\t\t\t<div class=\"elementor-widget-container\">\n\t\t\t\t\t\t\t<div class=\"elementor-icon-box-wrapper\">\n\n\t\t\t\t\t\t<div class=\"elementor-icon-box-icon\">\n\t\t\t\t<a href=\"https:\/\/metaco.senlist.com\/fr\/aml-cft-security-training\/\" class=\"elementor-icon\" tabindex=\"-1\" aria-label=\"Formation LBC\/FT et s\u00e9curit\u00e9\">\n\t\t\t\t<i aria-hidden=\"true\" class=\"fas fa-lock\"><\/i>\t\t\t\t<\/a>\n\t\t\t<\/div>\n\t\t\t\n\t\t\t\t\t\t<div class=\"elementor-icon-box-content\">\n\n\t\t\t\t\t\t\t\t\t<h3 class=\"elementor-icon-box-title\">\n\t\t\t\t\t\t<a href=\"https:\/\/metaco.senlist.com\/fr\/aml-cft-security-training\/\" >\n\t\t\t\t\t\t\tFormation LBC\/FT et s\u00e9curit\u00e9\t\t\t\t\t\t<\/a>\n\t\t\t\t\t<\/h3>\n\t\t\t\t\n\t\t\t\t\n\t\t\t<\/div>\n\t\t\t\n\t\t<\/div>\n\t\t\t\t\t\t<\/div>\n\t\t\t\t<\/div>\n\t\t\t\t<\/div>\n\t\t<div class=\"elementor-element elementor-element-38848a0 e-con-full e-flex e-con e-child\" data-id=\"38848a0\" data-element_type=\"container\">\n\t\t\t\t<div class=\"elementor-element elementor-element-58206cc elementor-view-stacked name elementor-shape-circle elementor-position-top elementor-mobile-position-top elementor-widget elementor-widget-icon-box\" data-id=\"58206cc\" data-element_type=\"widget\" data-widget_type=\"icon-box.default\">\n\t\t\t\t<div class=\"elementor-widget-container\">\n\t\t\t\t\t\t\t<div class=\"elementor-icon-box-wrapper\">\n\n\t\t\t\t\t\t<div class=\"elementor-icon-box-icon\">\n\t\t\t\t<a href=\"https:\/\/metaco.senlist.com\/fr\/institutional-it-project-implementation-assessment\/\" class=\"elementor-icon\" tabindex=\"-1\" aria-label=\"Impl\u00e9mentation et \u00e9valuation de projets informatiques institutionnels\">\n\t\t\t\t<i aria-hidden=\"true\" class=\"fas fa-globe-americas\"><\/i>\t\t\t\t<\/a>\n\t\t\t<\/div>\n\t\t\t\n\t\t\t\t\t\t<div class=\"elementor-icon-box-content\">\n\n\t\t\t\t\t\t\t\t\t<h3 class=\"elementor-icon-box-title\">\n\t\t\t\t\t\t<a href=\"https:\/\/metaco.senlist.com\/fr\/institutional-it-project-implementation-assessment\/\" >\n\t\t\t\t\t\t\tImpl\u00e9mentation et \u00e9valuation de projets informatiques institutionnels\t\t\t\t\t\t<\/a>\n\t\t\t\t\t<\/h3>\n\t\t\t\t\n\t\t\t\t\n\t\t\t<\/div>\n\t\t\t\n\t\t<\/div>\n\t\t\t\t\t\t<\/div>\n\t\t\t\t<\/div>\n\t\t\t\t<\/div>\n\t\t<div class=\"elementor-element elementor-element-a50d2cd e-con-full e-flex e-con e-child\" data-id=\"a50d2cd\" data-element_type=\"container\">\n\t\t\t\t<div class=\"elementor-element elementor-element-d86f544 elementor-view-stacked name elementor-shape-circle elementor-position-top elementor-mobile-position-top elementor-widget elementor-widget-icon-box\" data-id=\"d86f544\" data-element_type=\"widget\" data-widget_type=\"icon-box.default\">\n\t\t\t\t<div class=\"elementor-widget-container\">\n\t\t\t\t\t\t\t<div class=\"elementor-icon-box-wrapper\">\n\n\t\t\t\t\t\t<div class=\"elementor-icon-box-icon\">\n\t\t\t\t<a href=\"https:\/\/metaco.senlist.com\/fr\/representation-of-brands-and-technologies\/\" class=\"elementor-icon\" tabindex=\"-1\" aria-label=\"Repr\u00e9sentation des Marques et des technologies\">\n\t\t\t\t<i aria-hidden=\"true\" class=\"fas fa-desktop\"><\/i>\t\t\t\t<\/a>\n\t\t\t<\/div>\n\t\t\t\n\t\t\t\t\t\t<div class=\"elementor-icon-box-content\">\n\n\t\t\t\t\t\t\t\t\t<h3 class=\"elementor-icon-box-title\">\n\t\t\t\t\t\t<a href=\"https:\/\/metaco.senlist.com\/fr\/representation-of-brands-and-technologies\/\" >\n\t\t\t\t\t\t\tRepr\u00e9sentation des Marques et des technologies\t\t\t\t\t\t<\/a>\n\t\t\t\t\t<\/h3>\n\t\t\t\t\n\t\t\t\t\n\t\t\t<\/div>\n\t\t\t\n\t\t<\/div>\n\t\t\t\t\t\t<\/div>\n\t\t\t\t<\/div>\n\t\t\t\t<\/div>\n\t\t<div class=\"elementor-element elementor-element-193cf10 e-con-full e-flex e-con e-child\" data-id=\"193cf10\" data-element_type=\"container\">\n\t\t\t\t<div class=\"elementor-element elementor-element-d8ca55c elementor-view-stacked name elementor-shape-circle elementor-position-top elementor-mobile-position-top elementor-widget elementor-widget-icon-box\" data-id=\"d8ca55c\" data-element_type=\"widget\" data-widget_type=\"icon-box.default\">\n\t\t\t\t<div class=\"elementor-widget-container\">\n\t\t\t\t\t\t\t<div class=\"elementor-icon-box-wrapper\">\n\n\t\t\t\t\t\t<div class=\"elementor-icon-box-icon\">\n\t\t\t\t<a href=\"https:\/\/metaco.senlist.com\/fr\/about-us\/\" class=\"elementor-icon\" tabindex=\"-1\" aria-label=\"\u00c9valuation gratuite\">\n\t\t\t\t<i aria-hidden=\"true\" class=\"fas fa-question\"><\/i>\t\t\t\t<\/a>\n\t\t\t<\/div>\n\t\t\t\n\t\t\t\t\t\t<div class=\"elementor-icon-box-content\">\n\n\t\t\t\t\t\t\t\t\t<h3 class=\"elementor-icon-box-title\">\n\t\t\t\t\t\t<a href=\"https:\/\/metaco.senlist.com\/fr\/about-us\/\" >\n\t\t\t\t\t\t\t\u00c9valuation gratuite\t\t\t\t\t\t<\/a>\n\t\t\t\t\t<\/h3>\n\t\t\t\t\n\t\t\t\t\n\t\t\t<\/div>\n\t\t\t\n\t\t<\/div>\n\t\t\t\t\t\t<\/div>\n\t\t\t\t<\/div>\n\t\t\t\t<\/div>\n\t\t\t\t\t<\/div>\n\t\t\t\t<\/div>\n\t\t\t\t<\/div>","protected":false},"excerpt":{"rendered":"<p>SERVICES Development of guidelines for reporting entities \/ Control and Supervisory authorities in AML\/CFT IT Governance, Risk, Compliance Translation in English and French of AML\/CFT Documents FIU cybersecurity and security &#8230;<\/p>","protected":false},"author":1,"featured_media":0,"parent":0,"menu_order":0,"comment_status":"closed","ping_status":"closed","template":"elementor_header_footer","meta":{"_joinchat":[],"footnotes":""},"class_list":["post-1482","page","type-page","status-publish","hentry"],"_links":{"self":[{"href":"https:\/\/metaco.senlist.com\/fr\/wp-json\/wp\/v2\/pages\/1482","targetHints":{"allow":["GET"]}}],"collection":[{"href":"https:\/\/metaco.senlist.com\/fr\/wp-json\/wp\/v2\/pages"}],"about":[{"href":"https:\/\/metaco.senlist.com\/fr\/wp-json\/wp\/v2\/types\/page"}],"author":[{"embeddable":true,"href":"https:\/\/metaco.senlist.com\/fr\/wp-json\/wp\/v2\/users\/1"}],"replies":[{"embeddable":true,"href":"https:\/\/metaco.senlist.com\/fr\/wp-json\/wp\/v2\/comments?post=1482"}],"version-history":[{"count":40,"href":"https:\/\/metaco.senlist.com\/fr\/wp-json\/wp\/v2\/pages\/1482\/revisions"}],"predecessor-version":[{"id":1657,"href":"https:\/\/metaco.senlist.com\/fr\/wp-json\/wp\/v2\/pages\/1482\/revisions\/1657"}],"wp:attachment":[{"href":"https:\/\/metaco.senlist.com\/fr\/wp-json\/wp\/v2\/media?parent=1482"}],"curies":[{"name":"wp","href":"https:\/\/api.w.org\/{rel}","templated":true}]}}